{"id":2758,"date":"2022-01-19T15:02:33","date_gmt":"2022-01-19T13:02:33","guid":{"rendered":"https:\/\/spaincc.org\/solicitud-de-membresia-scc\/"},"modified":"2022-04-11T09:22:34","modified_gmt":"2022-04-11T07:22:34","slug":"solicitud-de-membresia-scc","status":"publish","type":"page","link":"https:\/\/spaincc.org\/es\/solicitud-de-membresia-scc\/","title":{"rendered":"Solicitud de Membres\u00eda SCC"},"content":{"rendered":"\t\t<div data-elementor-type=\"wp-page\" data-elementor-id=\"2758\" class=\"elementor elementor-2758\">\n\t\t\t\t\t\t<section class=\"elementor-section elementor-top-section elementor-element elementor-element-097920d elementor-section-boxed elementor-section-height-default elementor-section-height-default\" data-id=\"097920d\" data-element_type=\"section\">\n\t\t\t\t\t\t<div class=\"elementor-container elementor-column-gap-default\">\n\t\t\t\t\t<div class=\"elementor-column elementor-col-100 elementor-top-column elementor-element elementor-element-168daba\" data-id=\"168daba\" data-element_type=\"column\">\n\t\t\t<div class=\"elementor-widget-wrap elementor-element-populated\">\n\t\t\t\t\t\t<div class=\"elementor-element elementor-element-d6b4d29 elementor-widget elementor-widget-spacer\" data-id=\"d6b4d29\" data-element_type=\"widget\" data-widget_type=\"spacer.default\">\n\t\t\t\t<div class=\"elementor-widget-container\">\n\t\t\t\t\t\t\t<div class=\"elementor-spacer\">\n\t\t\t<div class=\"elementor-spacer-inner\"><\/div>\n\t\t<\/div>\n\t\t\t\t\t\t<\/div>\n\t\t\t\t<\/div>\n\t\t\t\t<div class=\"elementor-element elementor-element-4ee1da8 elementor-widget elementor-widget-heading\" data-id=\"4ee1da8\" data-element_type=\"widget\" data-widget_type=\"heading.default\">\n\t\t\t\t<div class=\"elementor-widget-container\">\n\t\t\t\t\t<h2 class=\"elementor-heading-title elementor-size-default\">Formulario de Solicitud de Membres\u00eda de SCC<\/h2>\t\t\t\t<\/div>\n\t\t\t\t<\/div>\n\t\t\t\t\t<\/div>\n\t\t<\/div>\n\t\t\t\t\t<\/div>\n\t\t<\/section>\n\t\t\t\t<section class=\"elementor-section elementor-top-section elementor-element elementor-element-46d5a66 elementor-section-boxed elementor-section-height-default elementor-section-height-default\" data-id=\"46d5a66\" data-element_type=\"section\">\n\t\t\t\t\t\t<div class=\"elementor-container elementor-column-gap-default\">\n\t\t\t\t\t<div class=\"elementor-column elementor-col-100 elementor-top-column elementor-element elementor-element-aab20a4\" data-id=\"aab20a4\" data-element_type=\"column\">\n\t\t\t<div class=\"elementor-widget-wrap elementor-element-populated\">\n\t\t\t\t\t\t<div class=\"elementor-element elementor-element-5b95bf4 elementor-widget elementor-widget-shortcode\" data-id=\"5b95bf4\" data-element_type=\"widget\" data-widget_type=\"shortcode.default\">\n\t\t\t\t<div class=\"elementor-widget-container\">\n\t\t\t\t\t\t\t<div class=\"elementor-shortcode\">\n<div class=\"wpcf7 no-js\" id=\"wpcf7-f3098-o1\" lang=\"es-ES\" dir=\"ltr\" data-wpcf7-id=\"3098\">\n<div class=\"screen-reader-response\"><p role=\"status\" aria-live=\"polite\" aria-atomic=\"true\"><\/p> <ul><\/ul><\/div>\n<form action=\"\/es\/wp-json\/wp\/v2\/pages\/2758#wpcf7-f3098-o1\" method=\"post\" class=\"wpcf7-form init\" aria-label=\"Formulario de contacto\" novalidate=\"novalidate\" data-status=\"init\">\n<fieldset class=\"hidden-fields-container\"><input type=\"hidden\" name=\"_wpcf7\" value=\"3098\" \/><input type=\"hidden\" name=\"_wpcf7_version\" value=\"6.1.4\" \/><input type=\"hidden\" name=\"_wpcf7_locale\" value=\"es_ES\" \/><input type=\"hidden\" name=\"_wpcf7_unit_tag\" value=\"wpcf7-f3098-o1\" \/><input type=\"hidden\" name=\"_wpcf7_container_post\" value=\"0\" \/><input type=\"hidden\" name=\"_wpcf7_posted_data_hash\" value=\"\" \/><input type=\"hidden\" name=\"_wpcf7_recaptcha_response\" value=\"\" \/>\n<\/fieldset>\n<p><span class=\"wpcf7-form-control-wrap\" data-name=\"company_member\"><input size=\"40\" maxlength=\"400\" class=\"wpcf7-form-control wpcf7-text wpcf7-validates-as-required\" aria-required=\"true\" aria-invalid=\"false\" placeholder=\"Company Member\" value=\"\" type=\"text\" name=\"company_member\" \/><\/span><br \/>\n<span class=\"wpcf7-form-control-wrap\" data-name=\"company_holding\"><input size=\"40\" maxlength=\"400\" class=\"wpcf7-form-control wpcf7-text wpcf7-validates-as-required\" aria-required=\"true\" aria-invalid=\"false\" placeholder=\"Company Holding\" value=\"\" type=\"text\" name=\"company_holding\" \/><\/span><br \/>\n<span class=\"wpcf7-form-control-wrap\" data-name=\"nature_of_business\"><input size=\"40\" maxlength=\"400\" class=\"wpcf7-form-control wpcf7-text\" aria-invalid=\"false\" placeholder=\"Nature of Business\" value=\"\" type=\"text\" name=\"nature_of_business\" \/><\/span><br \/>\n<span class=\"wpcf7-form-control-wrap\" data-name=\"number-of-employees\"><input class=\"wpcf7-form-control wpcf7-number wpcf7-validates-as-required wpcf7-validates-as-number\" aria-required=\"true\" aria-invalid=\"false\" placeholder=\"Number of Employees\" value=\"\" type=\"number\" name=\"number-of-employees\" \/><\/span><br \/>\n\u00bfLocales o Internacionales?<br \/>\n<span class=\"wpcf7-form-control-wrap\" data-name=\"local-or-international\"><select class=\"wpcf7-form-control wpcf7-select wpcf7-validates-as-required\" aria-required=\"true\" aria-invalid=\"false\" name=\"local-or-international\"><option value=\"\">&#8212;Por favor, elige una opci\u00f3n&#8212;<\/option><option value=\"Local\">Local<\/option><option value=\"International\">International<\/option><option value=\"Both\">Both<\/option><\/select><\/span><br \/>\n<span class=\"wpcf7-form-control-wrap\" data-name=\"group-total\"><input class=\"wpcf7-form-control wpcf7-number wpcf7-validates-as-required wpcf7-validates-as-number\" aria-required=\"true\" aria-invalid=\"false\" placeholder=\"Group Total\" value=\"\" type=\"number\" name=\"group-total\" \/><\/span><br \/>\n______________________________________________________________________________________________\n<\/p>\n<p><span class=\"wpcf7-form-control-wrap\" data-name=\"registration-number\"><input size=\"40\" maxlength=\"400\" class=\"wpcf7-form-control wpcf7-text wpcf7-validates-as-required\" aria-required=\"true\" aria-invalid=\"false\" placeholder=\"Registration Number\" value=\"\" type=\"text\" name=\"registration-number\" \/><\/span><br \/>\n<span class=\"wpcf7-form-control-wrap\" data-name=\"country-of-registration\"><input size=\"40\" maxlength=\"400\" class=\"wpcf7-form-control wpcf7-text wpcf7-validates-as-required\" aria-required=\"true\" aria-invalid=\"false\" placeholder=\"Country of Registration\" value=\"\" type=\"text\" name=\"country-of-registration\" \/><\/span><br \/>\n<span class=\"wpcf7-form-control-wrap\" data-name=\"registered-address\"><textarea cols=\"4\" rows=\"3\" maxlength=\"2000\" class=\"wpcf7-form-control wpcf7-textarea wpcf7-validates-as-required\" aria-required=\"true\" aria-invalid=\"false\" placeholder=\"Registered Address\" name=\"registered-address\"><\/textarea><\/span><br \/>\n<span class=\"wpcf7-form-control-wrap\" data-name=\"postal-address\"><textarea cols=\"4\" rows=\"3\" maxlength=\"2000\" class=\"wpcf7-form-control wpcf7-textarea wpcf7-validates-as-required\" aria-required=\"true\" aria-invalid=\"false\" placeholder=\"Postal Address\" name=\"postal-address\"><\/textarea><\/span><br \/>\n<span class=\"wpcf7-form-control-wrap\" data-name=\"vat-registration\"><input size=\"40\" maxlength=\"400\" class=\"wpcf7-form-control wpcf7-text\" aria-invalid=\"false\" placeholder=\"VAT Registration\" value=\"\" type=\"text\" name=\"vat-registration\" \/><\/span><br \/>\n______________________________________________________________________________________________\n<\/p>\n<p><span class=\"wpcf7-form-control-wrap\" data-name=\"name-of-directors\"><textarea cols=\"4\" rows=\"3\" maxlength=\"2000\" class=\"wpcf7-form-control wpcf7-textarea wpcf7-validates-as-required\" aria-required=\"true\" aria-invalid=\"false\" placeholder=\"Name of Director(s)\" name=\"name-of-directors\"><\/textarea><\/span><br \/>\n______________________________________________________________________________________________\n<\/p>\n<p><span class=\"wpcf7-form-control-wrap\" data-name=\"contact-person\"><input size=\"40\" maxlength=\"400\" class=\"wpcf7-form-control wpcf7-text wpcf7-validates-as-required\" aria-required=\"true\" aria-invalid=\"false\" placeholder=\"Contact Person\" value=\"\" type=\"text\" name=\"contact-person\" \/><\/span><br \/>\n<span class=\"wpcf7-form-control-wrap\" data-name=\"telephone\"><input size=\"40\" maxlength=\"400\" class=\"wpcf7-form-control wpcf7-tel wpcf7-validates-as-required wpcf7-text wpcf7-validates-as-tel\" aria-required=\"true\" aria-invalid=\"false\" placeholder=\"Telephone\" value=\"\" type=\"tel\" name=\"telephone\" \/><\/span><br \/>\n<span class=\"wpcf7-form-control-wrap\" data-name=\"office-tel\"><input size=\"40\" maxlength=\"400\" class=\"wpcf7-form-control wpcf7-tel wpcf7-validates-as-required wpcf7-text wpcf7-validates-as-tel\" aria-required=\"true\" aria-invalid=\"false\" placeholder=\"Office Telephone\" value=\"\" type=\"tel\" name=\"office-tel\" \/><\/span><br \/>\n<span class=\"wpcf7-form-control-wrap\" data-name=\"mobile-tel\"><input size=\"40\" maxlength=\"400\" class=\"wpcf7-form-control wpcf7-tel wpcf7-validates-as-required wpcf7-text wpcf7-validates-as-tel\" aria-required=\"true\" aria-invalid=\"false\" placeholder=\"Mobile Telephone\" value=\"\" type=\"tel\" name=\"mobile-tel\" \/><\/span><br \/>\n<span class=\"wpcf7-form-control-wrap\" data-name=\"fax-tel\"><input size=\"40\" maxlength=\"400\" class=\"wpcf7-form-control wpcf7-tel wpcf7-text wpcf7-validates-as-tel\" aria-invalid=\"false\" placeholder=\"Fax Telephone\" value=\"\" type=\"tel\" name=\"fax-tel\" \/><\/span><br \/>\n<span class=\"wpcf7-form-control-wrap\" data-name=\"contact-email\"><input size=\"40\" maxlength=\"400\" class=\"wpcf7-form-control wpcf7-email wpcf7-validates-as-required wpcf7-text wpcf7-validates-as-email\" aria-required=\"true\" aria-invalid=\"false\" placeholder=\"Email\" value=\"\" type=\"email\" name=\"contact-email\" \/><\/span><br \/>\n______________________________________________________________________________________________\n<\/p>\n<p><span class=\"wpcf7-form-control-wrap\" data-name=\"website\"><input size=\"40\" maxlength=\"400\" class=\"wpcf7-form-control wpcf7-url wpcf7-text wpcf7-validates-as-url\" aria-invalid=\"false\" placeholder=\"Website URL\" value=\"\" type=\"url\" name=\"website\" \/><\/span><br \/>\n<span class=\"wpcf7-form-control-wrap\" data-name=\"facebook\"><input size=\"40\" maxlength=\"400\" class=\"wpcf7-form-control wpcf7-url wpcf7-text wpcf7-validates-as-url\" aria-invalid=\"false\" placeholder=\"Facebook URL\" value=\"\" type=\"url\" name=\"facebook\" \/><\/span><br \/>\n<span class=\"wpcf7-form-control-wrap\" data-name=\"linkedin\"><input size=\"40\" maxlength=\"400\" class=\"wpcf7-form-control wpcf7-url wpcf7-text wpcf7-validates-as-url\" aria-invalid=\"false\" placeholder=\"Linkedin URL\" value=\"\" type=\"url\" name=\"linkedin\" \/><\/span><br \/>\n______________________________________________________________________________________________\n<\/p>\n<p>Seleccione una Membres\u00eda:<br \/>\n<span class=\"wpcf7-form-control-wrap\" data-name=\"membership-plan\"><select class=\"wpcf7-form-control wpcf7-select wpcf7-validates-as-required\" aria-required=\"true\" aria-invalid=\"false\" name=\"membership-plan\"><option value=\"\">&#8212;Por favor, elige una opci\u00f3n&#8212;<\/option><option value=\"WHITE FLAG: (1-4 employee) - R85.00p.a\">WHITE FLAG: (1-4 employee) - R85.00p.a<\/option><option value=\"BLUE FLAG: (5-50 employees SA and Globally) - R6 765.00 p.a\">BLUE FLAG: (5-50 employees SA and Globally) - R6 765.00 p.a<\/option><option value=\"RED FLAG: (55-250 employees SA and Globally) - R12 900.00 p.a\">RED FLAG: (55-250 employees SA and Globally) - R12 900.00 p.a<\/option><option value=\"GOLD FLAG: (251-500 employees SA and Globally) - R22 550.00 p.a\">GOLD FLAG: (251-500 employees SA and Globally) - R22 550.00 p.a<\/option><option value=\"PLATINUM FLAG: (501+ employees SA and Globally) - R35 875.00 p.a\">PLATINUM FLAG: (501+ employees SA and Globally) - R35 875.00 p.a<\/option><option value=\"PATRON: Limited to 5 companies or individuals - R50 000.00 p.a\">PATRON: Limited to 5 companies or individuals - R50 000.00 p.a<\/option><\/select><\/span><br \/>\n______________________________________________________________________________________________\n<\/p>\n<p>Indique marcando las casillas a continuaci\u00f3n si desea recibir correos electr\u00f3nicos sobre eventos y beneficios de membres\u00eda.<br \/>\n<span class=\"wpcf7-form-control-wrap\" data-name=\"marketing\"><span class=\"wpcf7-form-control wpcf7-radio\"><span class=\"wpcf7-list-item first\"><label><input type=\"radio\" name=\"marketing\" value=\"Yes\" checked=\"checked\" \/><span class=\"wpcf7-list-item-label\">Yes<\/span><\/label><\/span><span class=\"wpcf7-list-item last\"><label><input type=\"radio\" name=\"marketing\" value=\"No\" \/><span class=\"wpcf7-list-item-label\">No<\/span><\/label><\/span><\/span><\/span>\n<\/p>\n<p>Nombre y cargo de la persona que completa este formulario de solicitud:<br \/>\n<span class=\"wpcf7-form-control-wrap\" data-name=\"entry-name\"><input size=\"40\" maxlength=\"400\" class=\"wpcf7-form-control wpcf7-text\" aria-invalid=\"false\" placeholder=\"Name\" value=\"\" type=\"text\" name=\"entry-name\" \/><\/span><br \/>\n<span class=\"wpcf7-form-control-wrap\" data-name=\"enrty-title\"><input size=\"40\" maxlength=\"400\" class=\"wpcf7-form-control wpcf7-text\" aria-invalid=\"false\" placeholder=\"Title\" value=\"\" type=\"text\" name=\"enrty-title\" \/><\/span><br \/>\n<span class=\"wpcf7-form-control-wrap\" data-name=\"todays-date\"><input class=\"wpcf7-form-control wpcf7-date wpcf7-validates-as-required wpcf7-validates-as-date\" aria-required=\"true\" aria-invalid=\"false\" placeholder=\"Todays Date\" value=\"\" type=\"date\" name=\"todays-date\" \/><\/span>\n<\/p>\n<p>Al seleccionar la siguiente casilla de verificaci\u00f3n, confirmo que toda la informaci\u00f3n enviada es verdadera y que tengo la autoridad para enviar esta solicitud<br \/>\n<span class=\"wpcf7-form-control-wrap\" data-name=\"checkbox-confirmation\"><span class=\"wpcf7-form-control wpcf7-checkbox wpcf7-validates-as-required wpcf7-exclusive-checkbox\"><span class=\"wpcf7-list-item first last\"><label><input type=\"checkbox\" name=\"checkbox-confirmation\" value=\"Yes\" \/><span class=\"wpcf7-list-item-label\">Yes<\/span><\/label><\/span><\/span><\/span>\n<\/p>\n<p><input class=\"wpcf7-form-control wpcf7-submit has-spinner\" type=\"submit\" value=\"Submit\" \/>\n<\/p><div class=\"wpcf7-response-output\" aria-hidden=\"true\"><\/div>\n<\/form>\n<\/div>\n<\/div>\n\t\t\t\t\t\t<\/div>\n\t\t\t\t<\/div>\n\t\t\t\t\t<\/div>\n\t\t<\/div>\n\t\t\t\t\t<\/div>\n\t\t<\/section>\n\t\t\t\t<\/div>\n\t\t","protected":false},"excerpt":{"rendered":"<p>Formulario de Solicitud de Membres\u00eda de SCC<\/p>\n","protected":false},"author":2,"featured_media":0,"parent":0,"menu_order":0,"comment_status":"closed","ping_status":"closed","template":"elementor_header_footer","meta":{"footnotes":""},"class_list":["post-2758","page","type-page","status-publish","hentry"],"_links":{"self":[{"href":"https:\/\/spaincc.org\/es\/wp-json\/wp\/v2\/pages\/2758","targetHints":{"allow":["GET"]}}],"collection":[{"href":"https:\/\/spaincc.org\/es\/wp-json\/wp\/v2\/pages"}],"about":[{"href":"https:\/\/spaincc.org\/es\/wp-json\/wp\/v2\/types\/page"}],"author":[{"embeddable":true,"href":"https:\/\/spaincc.org\/es\/wp-json\/wp\/v2\/users\/2"}],"replies":[{"embeddable":true,"href":"https:\/\/spaincc.org\/es\/wp-json\/wp\/v2\/comments?post=2758"}],"version-history":[{"count":2,"href":"https:\/\/spaincc.org\/es\/wp-json\/wp\/v2\/pages\/2758\/revisions"}],"predecessor-version":[{"id":3058,"href":"https:\/\/spaincc.org\/es\/wp-json\/wp\/v2\/pages\/2758\/revisions\/3058"}],"wp:attachment":[{"href":"https:\/\/spaincc.org\/es\/wp-json\/wp\/v2\/media?parent=2758"}],"curies":[{"name":"wp","href":"https:\/\/api.w.org\/{rel}","templated":true}]}}