{"id":2772,"date":"2022-01-10T07:39:13","date_gmt":"2022-01-10T05:39:13","guid":{"rendered":"https:\/\/spaincc.org\/casa\/"},"modified":"2024-10-23T08:18:11","modified_gmt":"2024-10-23T06:18:11","slug":"casa","status":"publish","type":"page","link":"https:\/\/spaincc.org\/es\/","title":{"rendered":"Casa"},"content":{"rendered":"<link rel=\"stylesheet\" href=\"https:\/\/spaincc.org\/wp-content\/plugins\/elementor-pro\/assets\/css\/widget-animated-headline.min.css\">\n<h3>\n\t\t\t\tGente,<br \/>\t<br \/>\n\t\t\t\tRed&nbsp;de&nbsp;contactos,<br \/>\t<br \/>\n\t\t\t\t&amp;&nbsp;Negocio<br \/>\t<br \/>\n\t\t\t\tGente,<br \/>La&nbsp;red<br \/>&amp;&nbsp;Negocio<br \/>\n\t\t\t\t<\/h3>\n<p>\t\tLa C\u00e1mara de Comercio de Espa\u00f1a en Sud\u00e1frica es una entidad privada sin \u00e1nimo de lucro que tiene como principal objetivo la promoci\u00f3n de las relaciones comerciales, econ\u00f3micas e industriales entre Espa\u00f1a y Sud\u00e1frica.\t\t<\/p>\n<style>\/*! elementor - v3.6.7 - 03-07-2022 *\/\n.e-container.e-container--row .elementor-spacer-inner{width:var(--spacer-size)}.e-container.e-container--column .elementor-spacer-inner,.elementor-column .elementor-spacer-inner{height:var(--spacer-size)}<\/style>\n<style>\/*! elementor - v3.6.7 - 03-07-2022 *\/\n.elementor-heading-title{padding:0;margin:0;line-height:1}.elementor-widget-heading .elementor-heading-title[class*=elementor-size-]>a{color:inherit;font-size:inherit;line-height:inherit}.elementor-widget-heading .elementor-heading-title.elementor-size-small{font-size:15px}.elementor-widget-heading .elementor-heading-title.elementor-size-medium{font-size:19px}.elementor-widget-heading .elementor-heading-title.elementor-size-large{font-size:29px}.elementor-widget-heading .elementor-heading-title.elementor-size-xl{font-size:39px}.elementor-widget-heading .elementor-heading-title.elementor-size-xxl{font-size:59px}<\/style>\n<h2>Una uni\u00f3n de nuestros hermosos pa\u00edses. <\/h2>\n<p>La C\u00e1mara de Comercio de Espa\u00f1a en Sud\u00e1frica es una entidad privada sin \u00e1nimo de lucro que tiene como principal objetivo la promoci\u00f3n de las relaciones comerciales, econ\u00f3micas e industriales entre Espa\u00f1a y Sud\u00e1frica. Estos dos pa\u00edses tienen mucho que ofrecer por derecho propio, por lo que la atenci\u00f3n se centra en crear un terreno f\u00e9rtil para la prosperidad empresarial y el comercio entre Espa\u00f1a y Sud\u00e1frica.<\/p>\n<style>\/*! elementor - v3.6.7 - 03-07-2022 *\/\n.elementor-widget-image{text-align:center}.elementor-widget-image a{display:inline-block}.elementor-widget-image a img[src$=\".svg\"]{width:48px}.elementor-widget-image img{vertical-align:middle;display:inline-block}<\/style>\n<p>\t\t\t\t\t\t\t\t\t\t\t\t<img loading=\"lazy\" decoding=\"async\" width=\"800\" height=\"296\" src=\"https:\/\/spaincc.org\/wp-content\/uploads\/2024\/10\/SCC-Facebook-Cover-Page-3.png\" alt=\"\" loading=\"lazy\" srcset=\"https:\/\/spaincc.org\/wp-content\/uploads\/2024\/10\/SCC-Facebook-Cover-Page-3.png 851w, https:\/\/spaincc.org\/wp-content\/uploads\/2024\/10\/SCC-Facebook-Cover-Page-3-300x111.png 300w, https:\/\/spaincc.org\/wp-content\/uploads\/2024\/10\/SCC-Facebook-Cover-Page-3-768x284.png 768w\" sizes=\"auto, (max-width: 800px) 100vw, 800px\" \/><br \/>\n\t\t\t<a href=\"https:\/\/spaincc.org\/es\/hazte-miembro\/\" role=\"button\"><br \/>\n\t\t\t\t\t\tHazte Miembro<br \/>\n\t\t\t\t\t<\/a><\/p>\n<h2><a href=\"https:\/\/spaincc.org\/es\/eventos\/\">Nuestros eventos de networking<\/a><\/h2>\n<p>La C\u00e1mara organiza regularmente una variedad de eventos de negocios y redes para exponer a nuestros miembros y socios a la comunidad.<\/p>\n<h2>Pr\u00f3ximos Eventos<\/h2>\n<p><!-- GlueUp WIDGET START --><br \/>\n<iframe id=\"eb-widget-event-list\" name=\"eb-widget-event-list\" data-auto-adjust-height=\"true\" data-auto-adjust-width=\"false\" style=\"display:block; margin: 0; padding: 0; border: 0; outline: 0; font-size: 100%; vertical-align: baseline; background:transparent; width: 100%; height: 300px; width: 100%;\" src=\"https:\/\/app.glueup.com\/organization\/1402\/widget\/event-list\/full-view?showSummary=true&amp;showPastEvent=false\"><\/iframe><!-- GlueUp WIDGET END -->\t\t<\/p>\n<h2>Servicios<\/h2>\n<p>\t\t\t\t\t\t\t\t\t\t\t\t\t\t\t\t<a href=\"https:\/\/spaincc.org\/es\/servicios\/\"><br \/>\n\t\t\t\t\t\t\t<img loading=\"lazy\" decoding=\"async\" width=\"768\" height=\"768\" src=\"https:\/\/spaincc.org\/wp-content\/uploads\/2022\/03\/spanish_chambers_of_commerce_scc-services-pics-1_20220330_02-768x768.webp\" alt=\"\" loading=\"lazy\" srcset=\"https:\/\/spaincc.org\/wp-content\/uploads\/2022\/03\/spanish_chambers_of_commerce_scc-services-pics-1_20220330_02-768x768.webp 768w, https:\/\/spaincc.org\/wp-content\/uploads\/2022\/03\/spanish_chambers_of_commerce_scc-services-pics-1_20220330_02-300x300.webp 300w, https:\/\/spaincc.org\/wp-content\/uploads\/2022\/03\/spanish_chambers_of_commerce_scc-services-pics-1_20220330_02-150x150.webp 150w, https:\/\/spaincc.org\/wp-content\/uploads\/2022\/03\/spanish_chambers_of_commerce_scc-services-pics-1_20220330_02.webp 1000w\" sizes=\"auto, (max-width: 768px) 100vw, 768px\" \/>\t\t\t\t\t\t\t\t<\/a><\/p>\n<h2>Organizaci\u00f3n de reuniones B2B<\/h2>\n<p>\t\t\t\t\t\t\t\t\t\t\t\t\t\t\t\t<a href=\"https:\/\/spaincc.org\/es\/servicios\/\"><br \/>\n\t\t\t\t\t\t\t<img loading=\"lazy\" decoding=\"async\" width=\"768\" height=\"768\" src=\"https:\/\/spaincc.org\/wp-content\/uploads\/2022\/06\/Organizacion-de-viajes-de-empresa-y-delegacion-1.jpg\" alt=\"\" loading=\"lazy\" \/>\t\t\t\t\t\t\t\t<\/a><\/p>\n<h2>Organizaci\u00f3n de viajes de empresa y delegaci\u00f3n\u200b<\/h2>\n<p>\t\t\t\t\t\t\t\t\t\t\t\t\t\t\t\t<a href=\"https:\/\/spaincc.org\/es\/servicios\/\"><br \/>\n\t\t\t\t\t\t\t<img loading=\"lazy\" decoding=\"async\" width=\"800\" height=\"450\" src=\"https:\/\/spaincc.org\/wp-content\/uploads\/2022\/01\/spanish_chambers_of_commerce_sa_16-min_123-1024x576.webp\" alt=\"\" loading=\"lazy\" srcset=\"https:\/\/spaincc.org\/wp-content\/uploads\/2022\/01\/spanish_chambers_of_commerce_sa_16-min_123-1024x576.webp 1024w, https:\/\/spaincc.org\/wp-content\/uploads\/2022\/01\/spanish_chambers_of_commerce_sa_16-min_123-300x169.webp 300w, https:\/\/spaincc.org\/wp-content\/uploads\/2022\/01\/spanish_chambers_of_commerce_sa_16-min_123-768x432.webp 768w, https:\/\/spaincc.org\/wp-content\/uploads\/2022\/01\/spanish_chambers_of_commerce_sa_16-min_123.webp 1366w\" sizes=\"auto, (max-width: 800px) 100vw, 800px\" \/>\t\t\t\t\t\t\t\t<\/a><\/p>\n<h2>Investigaci\u00f3n de mercados<\/h2>\n<p>\t\t\t<a href=\"#\" role=\"button\"><br \/>\n\t\t\t\t\t\tConsultar ahora<br \/>\n\t\t\t\t\t<\/a><\/p>\n<h2><a href=\"https:\/\/spaincc.org\/es\/miembros-y-socios\/\">Hazte miembro<\/a><\/h2>\n<p>La C\u00e1mara de Comercio de Espa\u00f1a en Sud\u00e1frica valora a los miembros encontrando continuamente nuevas oportunidades y beneficios para todos sus miembros Platinum, Gold, Red, Blue y White Flag.<\/p>\n<p>\t\t\t<a href=\"https:\/\/spaincc.org\/es\/hazte-miembro\/\" role=\"button\"><br \/>\n\t\t\t\t\t\tAplicar en l\u00ednea ahora<br \/>\n\t\t\t\t\t<\/a><br \/>\n\t\t\t\t\t\t\t\t\t\t\t\t\t\t\t\t<a href=\"https:\/\/spaincc.org\/es\/miembros-y-socios\/\"><br \/>\n\t\t\t\t\t\t\t<img loading=\"lazy\" decoding=\"async\" width=\"800\" height=\"450\" src=\"https:\/\/spaincc.org\/wp-content\/uploads\/2022\/02\/spanish_chambers_of_commerce_12-min_20220201-1024x576.webp\" alt=\"\" loading=\"lazy\" srcset=\"https:\/\/spaincc.org\/wp-content\/uploads\/2022\/02\/spanish_chambers_of_commerce_12-min_20220201-1024x576.webp 1024w, https:\/\/spaincc.org\/wp-content\/uploads\/2022\/02\/spanish_chambers_of_commerce_12-min_20220201-300x169.webp 300w, https:\/\/spaincc.org\/wp-content\/uploads\/2022\/02\/spanish_chambers_of_commerce_12-min_20220201-768x432.webp 768w, https:\/\/spaincc.org\/wp-content\/uploads\/2022\/02\/spanish_chambers_of_commerce_12-min_20220201.webp 1366w\" sizes=\"auto, (max-width: 800px) 100vw, 800px\" \/>\t\t\t\t\t\t\t\t<\/a><\/p>\n","protected":false},"excerpt":{"rendered":"<p>Gente, Red&nbsp;de&nbsp;contactos, &amp;&nbsp;Negocio Gente,La&nbsp;red&amp;&nbsp;Negocio La C\u00e1mara de Comercio de Espa\u00f1a en Sud\u00e1frica es una entidad privada sin \u00e1nimo de lucro que tiene como principal objetivo la promoci\u00f3n de las relaciones comerciales, econ\u00f3micas e industriales entre Espa\u00f1a y Sud\u00e1frica. Una uni\u00f3n de nuestros hermosos pa\u00edses. La C\u00e1mara de Comercio de Espa\u00f1a en Sud\u00e1frica es una entidad [&hellip;]<\/p>\n","protected":false},"author":2,"featured_media":0,"parent":0,"menu_order":0,"comment_status":"closed","ping_status":"closed","template":"elementor_header_footer","meta":{"footnotes":""},"class_list":["post-2772","page","type-page","status-publish","hentry"],"_links":{"self":[{"href":"https:\/\/spaincc.org\/es\/wp-json\/wp\/v2\/pages\/2772","targetHints":{"allow":["GET"]}}],"collection":[{"href":"https:\/\/spaincc.org\/es\/wp-json\/wp\/v2\/pages"}],"about":[{"href":"https:\/\/spaincc.org\/es\/wp-json\/wp\/v2\/types\/page"}],"author":[{"embeddable":true,"href":"https:\/\/spaincc.org\/es\/wp-json\/wp\/v2\/users\/2"}],"replies":[{"embeddable":true,"href":"https:\/\/spaincc.org\/es\/wp-json\/wp\/v2\/comments?post=2772"}],"version-history":[{"count":33,"href":"https:\/\/spaincc.org\/es\/wp-json\/wp\/v2\/pages\/2772\/revisions"}],"predecessor-version":[{"id":12967,"href":"https:\/\/spaincc.org\/es\/wp-json\/wp\/v2\/pages\/2772\/revisions\/12967"}],"wp:attachment":[{"href":"https:\/\/spaincc.org\/es\/wp-json\/wp\/v2\/media?parent=2772"}],"curies":[{"name":"wp","href":"https:\/\/api.w.org\/{rel}","templated":true}]}}