{"id":2775,"date":"2022-02-09T10:03:01","date_gmt":"2022-02-09T08:03:01","guid":{"rendered":"https:\/\/spaincc.org\/eventos\/"},"modified":"2022-03-31T17:15:29","modified_gmt":"2022-03-31T15:15:29","slug":"eventos","status":"publish","type":"page","link":"https:\/\/spaincc.org\/es\/eventos\/","title":{"rendered":"Eventos"},"content":{"rendered":"<h2>\n<p>Nuestros <strong>Eventos<\/strong><\/p>\n<\/h2>\n<h2>Eventos y oportunidades de networking<\/h2>\n<p>El SCC organiza diferentes eventos a lo largo del a\u00f1o, invitando a sus miembros y otras empresas para promover acuerdos comerciales y de cooperaci\u00f3n entre ellos. Los diferentes eventos de networking facilitan la cooperaci\u00f3n y la mejora de las relaciones culturales y amistosas entre las diferentes empresas establecidas en todo el mundo.<\/p>\n<h2>Eventos anteriores<\/h2>\n<p>\t\t<iframe title=\"Webinar | Cyber Crime and mitigating operational and brand damage presented by ABSA and Nedscaper\" width=\"800\" height=\"600\" src=\"https:\/\/www.youtube.com\/embed\/f8cYvdxJmrA?feature=oembed\" frameborder=\"0\" allow=\"accelerometer; autoplay; clipboard-write; encrypted-media; gyroscope; picture-in-picture\" allowfullscreen><\/iframe>\t\t<\/p>\n<h2>Eventos<\/h2>\n<p><!-- GlueUp WIDGET START --><br \/>\n<iframe id=\"eb-widget-event-list\" name=\"eb-widget-event-list\" data-auto-adjust-height=\"true\" data-auto-adjust-width=\"false\" style=\"display:block; margin: 0; padding: 0; border: 0; outline: 0; font-size: 100%; vertical-align: baseline; background:transparent; width: 100%; height: 500px;\" src=\"https:\/\/app.glueup.com\/organization\/1402\/widget\/event-list\/full-view\"><\/iframe><!-- GlueUp WIDGET END -->\t\t<\/p>\n<h2>Calendario<\/h2>\n<p><!-- GlueUp WIDGET START --><br \/>\n<iframe id=\"eb-widget-event-list\" name=\"eb-widget-event-list\" data-auto-adjust-height=\"true\" data-auto-adjust-width=\"false\" style=\"display:block; margin: 0; padding: 0; border: 0; outline: 0; font-size: 100%; vertical-align: baseline; background:transparent; width: 100%; height: 1000px;\" src=\"https:\/\/app.glueup.com\/organization\/1402\/widget\/event-list\/calendar-view\"><\/iframe><!-- GlueUp WIDGET END --><\/p>\n","protected":false},"excerpt":{"rendered":"<p>Nuestros Eventos Eventos y oportunidades de networking El SCC organiza diferentes eventos a lo largo del a\u00f1o, invitando a sus miembros y otras empresas para promover acuerdos comerciales y de cooperaci\u00f3n entre ellos. Los diferentes eventos de networking facilitan la cooperaci\u00f3n y la mejora de las relaciones culturales y amistosas entre las diferentes empresas establecidas [&hellip;]<\/p>\n","protected":false},"author":2,"featured_media":0,"parent":0,"menu_order":0,"comment_status":"closed","ping_status":"closed","template":"elementor_header_footer","meta":{"footnotes":""},"class_list":["post-2775","page","type-page","status-publish","hentry"],"_links":{"self":[{"href":"https:\/\/spaincc.org\/es\/wp-json\/wp\/v2\/pages\/2775","targetHints":{"allow":["GET"]}}],"collection":[{"href":"https:\/\/spaincc.org\/es\/wp-json\/wp\/v2\/pages"}],"about":[{"href":"https:\/\/spaincc.org\/es\/wp-json\/wp\/v2\/types\/page"}],"author":[{"embeddable":true,"href":"https:\/\/spaincc.org\/es\/wp-json\/wp\/v2\/users\/2"}],"replies":[{"embeddable":true,"href":"https:\/\/spaincc.org\/es\/wp-json\/wp\/v2\/comments?post=2775"}],"version-history":[{"count":0,"href":"https:\/\/spaincc.org\/es\/wp-json\/wp\/v2\/pages\/2775\/revisions"}],"wp:attachment":[{"href":"https:\/\/spaincc.org\/es\/wp-json\/wp\/v2\/media?parent=2775"}],"curies":[{"name":"wp","href":"https:\/\/api.w.org\/{rel}","templated":true}]}}